{"id":124,"date":"2024-11-03T00:26:00","date_gmt":"2024-11-02T23:26:00","guid":{"rendered":"https:\/\/isyacouture.chiperz.com\/?page_id=124"},"modified":"2024-11-04T12:02:53","modified_gmt":"2024-11-04T11:02:53","slug":"elementor-124","status":"publish","type":"page","link":"https:\/\/isyacouture.chiperz.com\/index.php\/elementor-124\/","title":{"rendered":"Prestations"},"content":{"rendered":"\t\t<div data-elementor-type=\"wp-page\" data-elementor-id=\"124\" class=\"elementor elementor-124\">\n\t\t\t\t<div class=\"elementor-element elementor-element-8ce4cbd e-flex e-con-boxed e-con e-parent\" data-id=\"8ce4cbd\" data-element_type=\"container\">\n\t\t\t\t\t<div class=\"e-con-inner\">\n\t\t\t\t<div class=\"elementor-element elementor-element-5d13f5c elementor-position-left elementor-vertical-align-top elementor-widget elementor-widget-image-box\" data-id=\"5d13f5c\" data-element_type=\"widget\" data-widget_type=\"image-box.default\">\n\t\t\t\t<div class=\"elementor-widget-container\">\n\t\t\t<div class=\"elementor-image-box-wrapper\"><figure class=\"elementor-image-box-img\"><img fetchpriority=\"high\" decoding=\"async\" width=\"1100\" height=\"509\" src=\"https:\/\/isyacouture.chiperz.com\/wp-content\/uploads\/2024\/11\/IMG_6540.jpg\" class=\"attachment-full size-full wp-image-768\" alt=\"\" srcset=\"https:\/\/isyacouture.chiperz.com\/wp-content\/uploads\/2024\/11\/IMG_6540.jpg 1100w, https:\/\/isyacouture.chiperz.com\/wp-content\/uploads\/2024\/11\/IMG_6540-300x139.jpg 300w, https:\/\/isyacouture.chiperz.com\/wp-content\/uploads\/2024\/11\/IMG_6540-1024x474.jpg 1024w, https:\/\/isyacouture.chiperz.com\/wp-content\/uploads\/2024\/11\/IMG_6540-768x355.jpg 768w, https:\/\/isyacouture.chiperz.com\/wp-content\/uploads\/2024\/11\/IMG_6540-600x278.jpg 600w\" sizes=\"(max-width: 1100px) 100vw, 1100px\" \/><\/figure><div class=\"elementor-image-box-content\"><h3 class=\"elementor-image-box-title\">Maquillage<\/h3><p class=\"elementor-image-box-description\"><p>Faites de votre jour sp\u00e9cial un moment inoubliable avec notre prestation de maquillage pour mari\u00e9es et invit\u00e9es.<\/p>\n\n<p><strong>Pour les Mari\u00e9es :<\/strong> Consultation personnalis\u00e9e, maquillage longue tenue et essai avant le grand jour.<\/p>\n\n<p><strong>Pour les Invit\u00e9es :<\/strong> Looks vari\u00e9s, du naturel au glamour, et exp\u00e9rience de groupe pour les demoiselles d\u2019honneur.<\/p>\n\n<p>Nous vous aiderons \u00e0 vous sentir belle et confiante pour cette journ\u00e9e m\u00e9morable !<\/p>\n<\/p><\/div><\/div>\t\t<\/div>\n\t\t\t\t<\/div>\n\t\t\t\t<div class=\"elementor-element elementor-element-7efb660 elementor-widget-divider--view-line elementor-widget elementor-widget-divider\" data-id=\"7efb660\" data-element_type=\"widget\" data-widget_type=\"divider.default\">\n\t\t\t\t<div class=\"elementor-widget-container\">\n\t\t\t\t\t<div class=\"elementor-divider\">\n\t\t\t<span class=\"elementor-divider-separator\">\n\t\t\t\t\t\t<\/span>\n\t\t<\/div>\n\t\t\t\t<\/div>\n\t\t\t\t<\/div>\n\t\t\t\t<div class=\"elementor-element elementor-element-bb5d3b0 elementor-position-left elementor-vertical-align-top elementor-widget elementor-widget-image-box\" data-id=\"bb5d3b0\" data-element_type=\"widget\" data-widget_type=\"image-box.default\">\n\t\t\t\t<div class=\"elementor-widget-container\">\n\t\t\t<div class=\"elementor-image-box-wrapper\"><figure class=\"elementor-image-box-img\"><img decoding=\"async\" width=\"2148\" height=\"2560\" src=\"https:\/\/isyacouture.chiperz.com\/wp-content\/uploads\/2024\/11\/photo-output-scaled.jpg\" class=\"attachment-full size-full wp-image-769\" alt=\"\" srcset=\"https:\/\/isyacouture.chiperz.com\/wp-content\/uploads\/2024\/11\/photo-output-scaled.jpg 2148w, https:\/\/isyacouture.chiperz.com\/wp-content\/uploads\/2024\/11\/photo-output-252x300.jpg 252w, https:\/\/isyacouture.chiperz.com\/wp-content\/uploads\/2024\/11\/photo-output-859x1024.jpg 859w, https:\/\/isyacouture.chiperz.com\/wp-content\/uploads\/2024\/11\/photo-output-768x915.jpg 768w, https:\/\/isyacouture.chiperz.com\/wp-content\/uploads\/2024\/11\/photo-output-1289x1536.jpg 1289w, https:\/\/isyacouture.chiperz.com\/wp-content\/uploads\/2024\/11\/photo-output-1718x2048.jpg 1718w, https:\/\/isyacouture.chiperz.com\/wp-content\/uploads\/2024\/11\/photo-output-600x715.jpg 600w\" sizes=\"(max-width: 2148px) 100vw, 2148px\" \/><\/figure><div class=\"elementor-image-box-content\"><h3 class=\"elementor-image-box-title\">Coiffure pour Mari\u00e9es et Invit\u00e9es<\/h3><p class=\"elementor-image-box-description\"><p>Compl\u00e9tez votre look de mariage avec notre service de coiffure, pour mari\u00e9es et invit\u00e9es. Que ce soit un chignon \u00e9l\u00e9gant ou des ondulations romantiques, nous r\u00e9aliserons vos souhaits.<\/p>\n<p><strong>Pour les Mari\u00e9es :<\/strong> Consultation personnalis\u00e9e et essai de coiffure.<\/p>\n\n<p><strong>Pour les Invit\u00e9es :<\/strong> Coiffures vari\u00e9es et exp\u00e9rience de groupe.<\/p>\n\n<p>Faites confiance \u00e0 notre \u00e9quipe pour un look m\u00e9morable !<\/p>\n<\/p><\/div><\/div>\t\t<\/div>\n\t\t\t\t<\/div>\n\t\t\t\t<div class=\"elementor-element elementor-element-f13b568 elementor-widget-divider--view-line elementor-widget elementor-widget-divider\" data-id=\"f13b568\" data-element_type=\"widget\" data-widget_type=\"divider.default\">\n\t\t\t\t<div class=\"elementor-widget-container\">\n\t\t\t\t\t<div class=\"elementor-divider\">\n\t\t\t<span class=\"elementor-divider-separator\">\n\t\t\t\t\t\t<\/span>\n\t\t<\/div>\n\t\t\t\t<\/div>\n\t\t\t\t<\/div>\n\t\t\t\t<div class=\"elementor-element elementor-element-85d8f00 elementor-position-left elementor-vertical-align-top elementor-widget elementor-widget-image-box\" data-id=\"85d8f00\" data-element_type=\"widget\" data-widget_type=\"image-box.default\">\n\t\t\t\t<div class=\"elementor-widget-container\">\n\t\t\t<div class=\"elementor-image-box-wrapper\"><figure class=\"elementor-image-box-img\"><img decoding=\"async\" width=\"1080\" height=\"1350\" src=\"https:\/\/isyacouture.chiperz.com\/wp-content\/uploads\/2024\/11\/henne.jpg\" class=\"attachment-full size-full wp-image-766\" alt=\"\" srcset=\"https:\/\/isyacouture.chiperz.com\/wp-content\/uploads\/2024\/11\/henne.jpg 1080w, https:\/\/isyacouture.chiperz.com\/wp-content\/uploads\/2024\/11\/henne-240x300.jpg 240w, https:\/\/isyacouture.chiperz.com\/wp-content\/uploads\/2024\/11\/henne-819x1024.jpg 819w, https:\/\/isyacouture.chiperz.com\/wp-content\/uploads\/2024\/11\/henne-768x960.jpg 768w, https:\/\/isyacouture.chiperz.com\/wp-content\/uploads\/2024\/11\/henne-600x750.jpg 600w\" sizes=\"(max-width: 1080px) 100vw, 1080px\" \/><\/figure><div class=\"elementor-image-box-content\"><h3 class=\"elementor-image-box-title\">Prestation Henn\u00e9<\/h3><p class=\"elementor-image-box-description\"><p>Offrez-vous une touche d'\u00e9l\u00e9gance avec notre prestation de henn\u00e9. Que ce soit pour un mariage, une f\u00eate ou simplement pour vous faire plaisir, nos designs artistiques et personnalis\u00e9s sublimeront vos mains et vos pieds. R\u00e9servez d\u00e8s maintenant pour une exp\u00e9rience inoubliable !<\/p>\n<\/p><\/div><\/div>\t\t<\/div>\n\t\t\t\t<\/div>\n\t\t\t\t<div class=\"elementor-element elementor-element-baa68e5 elementor-widget-divider--view-line elementor-widget elementor-widget-divider\" data-id=\"baa68e5\" data-element_type=\"widget\" data-widget_type=\"divider.default\">\n\t\t\t\t<div class=\"elementor-widget-container\">\n\t\t\t\t\t<div class=\"elementor-divider\">\n\t\t\t<span class=\"elementor-divider-separator\">\n\t\t\t\t\t\t<\/span>\n\t\t<\/div>\n\t\t\t\t<\/div>\n\t\t\t\t<\/div>\n\t\t\t\t<div class=\"elementor-element elementor-element-b59b7db elementor-position-left elementor-vertical-align-top elementor-widget elementor-widget-image-box\" data-id=\"b59b7db\" data-element_type=\"widget\" data-widget_type=\"image-box.default\">\n\t\t\t\t<div class=\"elementor-widget-container\">\n\t\t\t<div class=\"elementor-image-box-wrapper\"><figure class=\"elementor-image-box-img\"><img loading=\"lazy\" decoding=\"async\" width=\"1536\" height=\"1920\" src=\"https:\/\/isyacouture.chiperz.com\/wp-content\/uploads\/2024\/11\/A8AAA2F1-D749-47E7-85FE-4396B35470FB.jpg\" class=\"attachment-full size-full wp-image-770\" alt=\"\" srcset=\"https:\/\/isyacouture.chiperz.com\/wp-content\/uploads\/2024\/11\/A8AAA2F1-D749-47E7-85FE-4396B35470FB.jpg 1536w, https:\/\/isyacouture.chiperz.com\/wp-content\/uploads\/2024\/11\/A8AAA2F1-D749-47E7-85FE-4396B35470FB-240x300.jpg 240w, https:\/\/isyacouture.chiperz.com\/wp-content\/uploads\/2024\/11\/A8AAA2F1-D749-47E7-85FE-4396B35470FB-819x1024.jpg 819w, https:\/\/isyacouture.chiperz.com\/wp-content\/uploads\/2024\/11\/A8AAA2F1-D749-47E7-85FE-4396B35470FB-768x960.jpg 768w, https:\/\/isyacouture.chiperz.com\/wp-content\/uploads\/2024\/11\/A8AAA2F1-D749-47E7-85FE-4396B35470FB-1229x1536.jpg 1229w, https:\/\/isyacouture.chiperz.com\/wp-content\/uploads\/2024\/11\/A8AAA2F1-D749-47E7-85FE-4396B35470FB-600x750.jpg 600w\" sizes=\"(max-width: 1536px) 100vw, 1536px\" \/><\/figure><div class=\"elementor-image-box-content\"><h3 class=\"elementor-image-box-title\">Location mobilier et d\u00e9coration \u00e9v\u00e9nements<\/h3><p class=\"elementor-image-box-description\"><p>Sp\u00e9cialistes dans la location de chaises Napol\u00e9on blanches, de nappes \u00e9l\u00e9gantes et de tables rondes ou rectangulaires pour vos \u00e9v\u00e9nements. Que ce soit pour un mariage, une f\u00eate ou une r\u00e9ception, nous avons tout ce qu'il vous faut pour cr\u00e9er une ambiance raffin\u00e9e. Contactez-nous pour un devis personnalis\u00e9 !<\/p>\n<\/p><\/div><\/div>\t\t<\/div>\n\t\t\t\t<\/div>\n\t\t\t\t<div class=\"elementor-element elementor-element-0491be0 elementor-widget-divider--view-line elementor-widget elementor-widget-divider\" data-id=\"0491be0\" data-element_type=\"widget\" data-widget_type=\"divider.default\">\n\t\t\t\t<div class=\"elementor-widget-container\">\n\t\t\t\t\t<div class=\"elementor-divider\">\n\t\t\t<span class=\"elementor-divider-separator\">\n\t\t\t\t\t\t<\/span>\n\t\t<\/div>\n\t\t\t\t<\/div>\n\t\t\t\t<\/div>\n\t\t\t\t<div class=\"elementor-element elementor-element-77a3d0e elementor-position-left elementor-vertical-align-top elementor-widget elementor-widget-image-box\" data-id=\"77a3d0e\" data-element_type=\"widget\" data-widget_type=\"image-box.default\">\n\t\t\t\t<div class=\"elementor-widget-container\">\n\t\t\t<div class=\"elementor-image-box-wrapper\"><figure class=\"elementor-image-box-img\"><img loading=\"lazy\" decoding=\"async\" width=\"1536\" height=\"2049\" src=\"https:\/\/isyacouture.chiperz.com\/wp-content\/uploads\/2024\/11\/IMG_6890.jpg\" class=\"attachment-full size-full wp-image-771\" alt=\"\" srcset=\"https:\/\/isyacouture.chiperz.com\/wp-content\/uploads\/2024\/11\/IMG_6890.jpg 1536w, https:\/\/isyacouture.chiperz.com\/wp-content\/uploads\/2024\/11\/IMG_6890-225x300.jpg 225w, https:\/\/isyacouture.chiperz.com\/wp-content\/uploads\/2024\/11\/IMG_6890-768x1025.jpg 768w, https:\/\/isyacouture.chiperz.com\/wp-content\/uploads\/2024\/11\/IMG_6890-1151x1536.jpg 1151w, https:\/\/isyacouture.chiperz.com\/wp-content\/uploads\/2024\/11\/IMG_6890-600x800.jpg 600w\" sizes=\"(max-width: 1536px) 100vw, 1536px\" \/><\/figure><div class=\"elementor-image-box-content\"><h3 class=\"elementor-image-box-title\">G\u00e2teaux sur mesure pour tous vos \u00e9v\u00e9nements<\/h3><p class=\"elementor-image-box-description\"><p>Rendez vos \u00e9v\u00e9nements encore plus sp\u00e9ciaux avec nos g\u00e2teaux sur mesure, parfaits pour toutes les occasions.<br>Contactez-nous pour discuter de vos id\u00e9es et passer commande !<\/p>\n<\/p><\/div><\/div>\t\t<\/div>\n\t\t\t\t<\/div>\n\t\t\t\t\t<\/div>\n\t\t\t\t<\/div>\n\t\t\t\t<\/div>\n\t\t","protected":false},"excerpt":{"rendered":"<p>Maquillage Faites de votre jour sp\u00e9cial un moment inoubliable avec notre prestation de maquillage pour mari\u00e9es et invit\u00e9es. Pour les Mari\u00e9es : Consultation personnalis\u00e9e, maquillage longue tenue et essai avant le grand jour. Pour les Invit\u00e9es : Looks vari\u00e9s, du naturel au glamour, et exp\u00e9rience de groupe pour les demoiselles d\u2019honneur. Nous vous aiderons \u00e0 &hellip; <\/p>\n","protected":false},"author":1,"featured_media":0,"parent":0,"menu_order":0,"comment_status":"closed","ping_status":"closed","template":"","meta":{"footnotes":""},"class_list":["post-124","page","type-page","status-publish","hentry"],"yoast_head":"<!-- This site is optimized with the Yoast SEO plugin v23.7 - https:\/\/yoast.com\/wordpress\/plugins\/seo\/ -->\n<title>Prestations - Isya couture<\/title>\n<meta name=\"robots\" content=\"index, follow, max-snippet:-1, max-image-preview:large, max-video-preview:-1\" \/>\n<link rel=\"canonical\" href=\"https:\/\/isyacouture.chiperz.com\/index.php\/elementor-124\/\" \/>\n<meta property=\"og:locale\" content=\"fr_FR\" \/>\n<meta property=\"og:type\" content=\"article\" \/>\n<meta property=\"og:title\" content=\"Prestations - Isya couture\" \/>\n<meta property=\"og:description\" content=\"Maquillage Faites de votre jour sp\u00e9cial un moment inoubliable avec notre prestation de maquillage pour mari\u00e9es et invit\u00e9es. Pour les Mari\u00e9es : Consultation personnalis\u00e9e, maquillage longue tenue et essai avant le grand jour. Pour les Invit\u00e9es : Looks vari\u00e9s, du naturel au glamour, et exp\u00e9rience de groupe pour les demoiselles d\u2019honneur. Nous vous aiderons \u00e0 &hellip;\" \/>\n<meta property=\"og:url\" content=\"https:\/\/isyacouture.chiperz.com\/index.php\/elementor-124\/\" \/>\n<meta property=\"og:site_name\" content=\"Isya couture\" \/>\n<meta property=\"article:modified_time\" content=\"2024-11-04T11:02:53+00:00\" \/>\n<meta property=\"og:image\" content=\"https:\/\/isyacouture.chiperz.com\/wp-content\/uploads\/2024\/11\/IMG_6540.jpg\" \/>\n\t<meta property=\"og:image:width\" content=\"1100\" \/>\n\t<meta property=\"og:image:height\" content=\"509\" \/>\n\t<meta property=\"og:image:type\" content=\"image\/jpeg\" \/>\n<meta name=\"twitter:card\" content=\"summary_large_image\" \/>\n<meta name=\"twitter:label1\" content=\"Dur\u00e9e de lecture estim\u00e9e\" \/>\n\t<meta name=\"twitter:data1\" content=\"3 minutes\" \/>\n<script type=\"application\/ld+json\" class=\"yoast-schema-graph\">{\"@context\":\"https:\/\/schema.org\",\"@graph\":[{\"@type\":\"WebPage\",\"@id\":\"https:\/\/isyacouture.chiperz.com\/index.php\/elementor-124\/\",\"url\":\"https:\/\/isyacouture.chiperz.com\/index.php\/elementor-124\/\",\"name\":\"Prestations - Isya couture\",\"isPartOf\":{\"@id\":\"https:\/\/isyacouture.chiperz.com\/#website\"},\"primaryImageOfPage\":{\"@id\":\"https:\/\/isyacouture.chiperz.com\/index.php\/elementor-124\/#primaryimage\"},\"image\":{\"@id\":\"https:\/\/isyacouture.chiperz.com\/index.php\/elementor-124\/#primaryimage\"},\"thumbnailUrl\":\"https:\/\/isyacouture.chiperz.com\/wp-content\/uploads\/2024\/11\/IMG_6540.jpg\",\"datePublished\":\"2024-11-02T23:26:00+00:00\",\"dateModified\":\"2024-11-04T11:02:53+00:00\",\"breadcrumb\":{\"@id\":\"https:\/\/isyacouture.chiperz.com\/index.php\/elementor-124\/#breadcrumb\"},\"inLanguage\":\"fr-FR\",\"potentialAction\":[{\"@type\":\"ReadAction\",\"target\":[\"https:\/\/isyacouture.chiperz.com\/index.php\/elementor-124\/\"]}]},{\"@type\":\"ImageObject\",\"inLanguage\":\"fr-FR\",\"@id\":\"https:\/\/isyacouture.chiperz.com\/index.php\/elementor-124\/#primaryimage\",\"url\":\"https:\/\/isyacouture.chiperz.com\/wp-content\/uploads\/2024\/11\/IMG_6540.jpg\",\"contentUrl\":\"https:\/\/isyacouture.chiperz.com\/wp-content\/uploads\/2024\/11\/IMG_6540.jpg\",\"width\":1100,\"height\":509},{\"@type\":\"BreadcrumbList\",\"@id\":\"https:\/\/isyacouture.chiperz.com\/index.php\/elementor-124\/#breadcrumb\",\"itemListElement\":[{\"@type\":\"ListItem\",\"position\":1,\"name\":\"Accueil\",\"item\":\"https:\/\/isyacouture.chiperz.com\/\"},{\"@type\":\"ListItem\",\"position\":2,\"name\":\"Prestations\"}]},{\"@type\":\"WebSite\",\"@id\":\"https:\/\/isyacouture.chiperz.com\/#website\",\"url\":\"https:\/\/isyacouture.chiperz.com\/\",\"name\":\"Isya couture\",\"description\":\"\",\"publisher\":{\"@id\":\"https:\/\/isyacouture.chiperz.com\/#organization\"},\"potentialAction\":[{\"@type\":\"SearchAction\",\"target\":{\"@type\":\"EntryPoint\",\"urlTemplate\":\"https:\/\/isyacouture.chiperz.com\/?s={search_term_string}\"},\"query-input\":{\"@type\":\"PropertyValueSpecification\",\"valueRequired\":true,\"valueName\":\"search_term_string\"}}],\"inLanguage\":\"fr-FR\"},{\"@type\":\"Organization\",\"@id\":\"https:\/\/isyacouture.chiperz.com\/#organization\",\"name\":\"Isya couture\",\"url\":\"https:\/\/isyacouture.chiperz.com\/\",\"logo\":{\"@type\":\"ImageObject\",\"inLanguage\":\"fr-FR\",\"@id\":\"https:\/\/isyacouture.chiperz.com\/#\/schema\/logo\/image\/\",\"url\":\"https:\/\/isyacouture.chiperz.com\/wp-content\/uploads\/2024\/11\/cropped-1-4-1.png\",\"contentUrl\":\"https:\/\/isyacouture.chiperz.com\/wp-content\/uploads\/2024\/11\/cropped-1-4-1.png\",\"width\":100,\"height\":48,\"caption\":\"Isya couture\"},\"image\":{\"@id\":\"https:\/\/isyacouture.chiperz.com\/#\/schema\/logo\/image\/\"}}]}<\/script>\n<!-- \/ Yoast SEO plugin. -->","yoast_head_json":{"title":"Prestations - Isya couture","robots":{"index":"index","follow":"follow","max-snippet":"max-snippet:-1","max-image-preview":"max-image-preview:large","max-video-preview":"max-video-preview:-1"},"canonical":"https:\/\/isyacouture.chiperz.com\/index.php\/elementor-124\/","og_locale":"fr_FR","og_type":"article","og_title":"Prestations - Isya couture","og_description":"Maquillage Faites de votre jour sp\u00e9cial un moment inoubliable avec notre prestation de maquillage pour mari\u00e9es et invit\u00e9es. Pour les Mari\u00e9es : Consultation personnalis\u00e9e, maquillage longue tenue et essai avant le grand jour. Pour les Invit\u00e9es : Looks vari\u00e9s, du naturel au glamour, et exp\u00e9rience de groupe pour les demoiselles d\u2019honneur. Nous vous aiderons \u00e0 &hellip;","og_url":"https:\/\/isyacouture.chiperz.com\/index.php\/elementor-124\/","og_site_name":"Isya couture","article_modified_time":"2024-11-04T11:02:53+00:00","og_image":[{"width":1100,"height":509,"url":"https:\/\/isyacouture.chiperz.com\/wp-content\/uploads\/2024\/11\/IMG_6540.jpg","type":"image\/jpeg"}],"twitter_card":"summary_large_image","twitter_misc":{"Dur\u00e9e de lecture estim\u00e9e":"3 minutes"},"schema":{"@context":"https:\/\/schema.org","@graph":[{"@type":"WebPage","@id":"https:\/\/isyacouture.chiperz.com\/index.php\/elementor-124\/","url":"https:\/\/isyacouture.chiperz.com\/index.php\/elementor-124\/","name":"Prestations - Isya couture","isPartOf":{"@id":"https:\/\/isyacouture.chiperz.com\/#website"},"primaryImageOfPage":{"@id":"https:\/\/isyacouture.chiperz.com\/index.php\/elementor-124\/#primaryimage"},"image":{"@id":"https:\/\/isyacouture.chiperz.com\/index.php\/elementor-124\/#primaryimage"},"thumbnailUrl":"https:\/\/isyacouture.chiperz.com\/wp-content\/uploads\/2024\/11\/IMG_6540.jpg","datePublished":"2024-11-02T23:26:00+00:00","dateModified":"2024-11-04T11:02:53+00:00","breadcrumb":{"@id":"https:\/\/isyacouture.chiperz.com\/index.php\/elementor-124\/#breadcrumb"},"inLanguage":"fr-FR","potentialAction":[{"@type":"ReadAction","target":["https:\/\/isyacouture.chiperz.com\/index.php\/elementor-124\/"]}]},{"@type":"ImageObject","inLanguage":"fr-FR","@id":"https:\/\/isyacouture.chiperz.com\/index.php\/elementor-124\/#primaryimage","url":"https:\/\/isyacouture.chiperz.com\/wp-content\/uploads\/2024\/11\/IMG_6540.jpg","contentUrl":"https:\/\/isyacouture.chiperz.com\/wp-content\/uploads\/2024\/11\/IMG_6540.jpg","width":1100,"height":509},{"@type":"BreadcrumbList","@id":"https:\/\/isyacouture.chiperz.com\/index.php\/elementor-124\/#breadcrumb","itemListElement":[{"@type":"ListItem","position":1,"name":"Accueil","item":"https:\/\/isyacouture.chiperz.com\/"},{"@type":"ListItem","position":2,"name":"Prestations"}]},{"@type":"WebSite","@id":"https:\/\/isyacouture.chiperz.com\/#website","url":"https:\/\/isyacouture.chiperz.com\/","name":"Isya couture","description":"","publisher":{"@id":"https:\/\/isyacouture.chiperz.com\/#organization"},"potentialAction":[{"@type":"SearchAction","target":{"@type":"EntryPoint","urlTemplate":"https:\/\/isyacouture.chiperz.com\/?s={search_term_string}"},"query-input":{"@type":"PropertyValueSpecification","valueRequired":true,"valueName":"search_term_string"}}],"inLanguage":"fr-FR"},{"@type":"Organization","@id":"https:\/\/isyacouture.chiperz.com\/#organization","name":"Isya couture","url":"https:\/\/isyacouture.chiperz.com\/","logo":{"@type":"ImageObject","inLanguage":"fr-FR","@id":"https:\/\/isyacouture.chiperz.com\/#\/schema\/logo\/image\/","url":"https:\/\/isyacouture.chiperz.com\/wp-content\/uploads\/2024\/11\/cropped-1-4-1.png","contentUrl":"https:\/\/isyacouture.chiperz.com\/wp-content\/uploads\/2024\/11\/cropped-1-4-1.png","width":100,"height":48,"caption":"Isya couture"},"image":{"@id":"https:\/\/isyacouture.chiperz.com\/#\/schema\/logo\/image\/"}}]}},"_links":{"self":[{"href":"https:\/\/isyacouture.chiperz.com\/index.php\/wp-json\/wp\/v2\/pages\/124","targetHints":{"allow":["GET"]}}],"collection":[{"href":"https:\/\/isyacouture.chiperz.com\/index.php\/wp-json\/wp\/v2\/pages"}],"about":[{"href":"https:\/\/isyacouture.chiperz.com\/index.php\/wp-json\/wp\/v2\/types\/page"}],"author":[{"embeddable":true,"href":"https:\/\/isyacouture.chiperz.com\/index.php\/wp-json\/wp\/v2\/users\/1"}],"replies":[{"embeddable":true,"href":"https:\/\/isyacouture.chiperz.com\/index.php\/wp-json\/wp\/v2\/comments?post=124"}],"version-history":[{"count":22,"href":"https:\/\/isyacouture.chiperz.com\/index.php\/wp-json\/wp\/v2\/pages\/124\/revisions"}],"predecessor-version":[{"id":787,"href":"https:\/\/isyacouture.chiperz.com\/index.php\/wp-json\/wp\/v2\/pages\/124\/revisions\/787"}],"wp:attachment":[{"href":"https:\/\/isyacouture.chiperz.com\/index.php\/wp-json\/wp\/v2\/media?parent=124"}],"curies":[{"name":"wp","href":"https:\/\/api.w.org\/{rel}","templated":true}]}}